{"id":248,"date":"2018-04-21T00:03:28","date_gmt":"2018-04-21T04:03:28","guid":{"rendered":"https:\/\/cinebrunch.com\/podcast\/?page_id=248"},"modified":"2024-06-30T19:28:10","modified_gmt":"2024-06-30T23:28:10","slug":"baladodiffusion","status":"publish","type":"page","link":"https:\/\/cinebrunch.com\/podcast\/","title":{"rendered":"Baladodiffusion"},"content":{"rendered":"<div class=\"podcast_feed\"><div class=\"episode-box\"><h5 class=\"podcast_title\"><a href=\"https:\/\/cinebrunch.baladocanada.ca\/episode\/2020-03-28_cinebrunch_s6_2020-03-21\" target=\"_blank\">Cin\u00e9 Brunch - 21 mars 2020<\/a><\/h5><div class=\"podcast_desc\"><a href=\"https:\/\/cinebrunch.baladocanada.ca\/episode\/2020-03-28_cinebrunch_s6_2020-03-21\" target=\"_blank\"><img loading=\"lazy\" decoding=\"async\" src=\"https:\/\/cinebrunch.baladocanada.ca\/images\/2020-03-28_cinebrunch_s6_2020-03-21.png\" alt=\"\u00c9couter Cin\u00e9 Brunch - 21 mars 2020\" height=\"200\" width=\"200\" class=\" podcast_image\"\/><\/a><p>Pour cette derni\u00e8re \u00e9mission on parle de l&#039;impact du Coronavirus Covid-19 sur le monde du cin\u00e9ma et on critique les films Uncun Gems, Her et Admission.<\/p><\/div><div class=\"podcast_player\"><audio controls><source src=\"https:\/\/cinebrunch.baladocanada.ca\/media\/2020-03-28_cinebrunch_s6_2020-03-21.mp3\" type=\"audio\/mpeg\">Votre navigateur ne supporte pas la balise audio.<\/audio><\/div><\/div><div class=\"episode-box\"><h5 class=\"podcast_title\"><a href=\"https:\/\/cinebrunch.baladocanada.ca\/episode\/2020-03-28_cinebrunch_s6_2020-03-14\" target=\"_blank\">Cin\u00e9 Brunch - 14 mars 2020<\/a><\/h5><div class=\"podcast_desc\"><a href=\"https:\/\/cinebrunch.baladocanada.ca\/episode\/2020-03-28_cinebrunch_s6_2020-03-14\" target=\"_blank\"><img loading=\"lazy\" decoding=\"async\" src=\"https:\/\/cinebrunch.baladocanada.ca\/images\/2020-03-28_cinebrunch_s6_2020-03-14.jpg\" alt=\"\u00c9couter Cin\u00e9 Brunch - 14 mars 2020\" height=\"200\" width=\"200\" class=\" podcast_image\"\/><\/a><p>Cette semaine on parle des s\u00e9ries t\u00e9l\u00e9s versus les films et on critique : 14 jours et 12 nuits et L&#039;assistante.<\/p><\/div><div class=\"podcast_player\"><audio controls><source src=\"https:\/\/cinebrunch.baladocanada.ca\/media\/2020-03-28_cinebrunch_s6_2020-03-14.mp3\" type=\"audio\/mpeg\">Votre navigateur ne supporte pas la balise audio.<\/audio><\/div><\/div><div class=\"episode-box\"><h5 class=\"podcast_title\"><a href=\"https:\/\/cinebrunch.baladocanada.ca\/episode\/2020-03-05_cinebrunch_s6_2020-03-07\" target=\"_blank\">Cin\u00e9 Brunch - 07 mars 2020<\/a><\/h5><div class=\"podcast_desc\"><a href=\"https:\/\/cinebrunch.baladocanada.ca\/episode\/2020-03-05_cinebrunch_s6_2020-03-07\" target=\"_blank\"><img loading=\"lazy\" decoding=\"async\" src=\"https:\/\/cinebrunch.baladocanada.ca\/images\/2020-03-05_cinebrunch_s6_2020-03-07.jpeg\" alt=\"\u00c9couter Cin\u00e9 Brunch - 07 mars 2020\" height=\"200\" width=\"200\" class=\" podcast_image\"\/><\/a><p>Cette semaine, on critique les films Donne-moi des ailes, Ma folle semaine avec Tess et La fameuse invasion des ours en Sicile.<\/p><\/div><div class=\"podcast_player\"><audio controls><source src=\"https:\/\/cinebrunch.baladocanada.ca\/media\/2020-03-05_cinebrunch_s6_2020-03-07.mp3\" type=\"audio\/mpeg\">Votre navigateur ne supporte pas la balise audio.<\/audio><\/div><\/div><div class=\"episode-box\"><h5 class=\"podcast_title\"><a href=\"https:\/\/cinebrunch.baladocanada.ca\/episode\/2020-03-05_cinebrunch_s6_2020-02-29\" target=\"_blank\">Cin\u00e9 Brunch - 29 f\u00e9vrier 2020<\/a><\/h5><div class=\"podcast_desc\"><a href=\"https:\/\/cinebrunch.baladocanada.ca\/episode\/2020-03-05_cinebrunch_s6_2020-02-29\" target=\"_blank\"><img loading=\"lazy\" decoding=\"async\" src=\"https:\/\/cinebrunch.baladocanada.ca\/images\/2020-03-05_cinebrunch_s6_2020-02-29.jpeg\" alt=\"\u00c9couter Cin\u00e9 Brunch - 29 f\u00e9vrier 2020\" height=\"200\" width=\"200\" class=\" podcast_image\"\/><\/a><p>Cette semaine on critique les films L&#039;amour tout simplement, Portrait de la jeune fille en feu et Fahim<\/p><\/div><div class=\"podcast_player\"><audio controls><source src=\"https:\/\/cinebrunch.baladocanada.ca\/media\/2020-03-05_cinebrunch_s6_2020-02-29.mp3\" type=\"audio\/mpeg\">Votre navigateur ne supporte pas la balise audio.<\/audio><\/div><\/div><div class=\"episode-box\"><h5 class=\"podcast_title\"><a href=\"https:\/\/cinebrunch.baladocanada.ca\/episode\/2020-03-05_cinebrunch_s6_2020-02-22\" target=\"_blank\">Cin\u00e9 Brunch - 22 f\u00e9vrier 2020<\/a><\/h5><div class=\"podcast_desc\"><a href=\"https:\/\/cinebrunch.baladocanada.ca\/episode\/2020-03-05_cinebrunch_s6_2020-02-22\" target=\"_blank\"><img loading=\"lazy\" decoding=\"async\" src=\"https:\/\/cinebrunch.baladocanada.ca\/images\/2020-03-05_cinebrunch_s6_2020-02-22.jpg\" alt=\"\u00c9couter Cin\u00e9 Brunch - 22 f\u00e9vrier 2020\" height=\"200\" width=\"200\" class=\" podcast_image\"\/><\/a><p>Cette semaine on parle du film qu\u00e9b\u00e9cois Mafia Inc. et on critique le film Sonic le h\u00e9risson!<\/p><\/div><div class=\"podcast_player\"><audio controls><source src=\"https:\/\/cinebrunch.baladocanada.ca\/media\/2020-03-05_cinebrunch_s6_2020-02-22.mp3\" type=\"audio\/mpeg\">Votre navigateur ne supporte pas la balise audio.<\/audio><\/div><\/div><div class=\"episode-box\"><h5 class=\"podcast_title\"><a href=\"https:\/\/cinebrunch.baladocanada.ca\/episode\/2020-02-14_cinebrunch_s6_2020-02-15\" target=\"_blank\">Cin\u00e9 Brunch - 15 f\u00e9vrier 2020<\/a><\/h5><div class=\"podcast_desc\"><a href=\"https:\/\/cinebrunch.baladocanada.ca\/episode\/2020-02-14_cinebrunch_s6_2020-02-15\" target=\"_blank\"><img loading=\"lazy\" decoding=\"async\" src=\"https:\/\/cinebrunch.baladocanada.ca\/images\/2020-02-14_cinebrunch_s6_2020-02-15.png\" alt=\"\u00c9couter Cin\u00e9 Brunch - 15 f\u00e9vrier 2020\" height=\"200\" width=\"200\" class=\" podcast_image\"\/><\/a><p>Cette semaine on vous pr\u00e9sente un grand Quizz de la Saint-Valentin et on critique le film Birds of prey et la fabuleuse histoire de Harley Quinn.<\/p><\/div><div class=\"podcast_player\"><audio controls><source src=\"https:\/\/cinebrunch.baladocanada.ca\/media\/2020-02-14_cinebrunch_s6_2020-02-15.mp3\" type=\"audio\/mpeg\">Votre navigateur ne supporte pas la balise audio.<\/audio><\/div><\/div><div class=\"episode-box\"><h5 class=\"podcast_title\"><a href=\"https:\/\/cinebrunch.baladocanada.ca\/episode\/2020-02-07_cinebrunch_s6_2020-02-08\" target=\"_blank\">Cin\u00e9 Brunch - 08 f\u00e9vrier 2020<\/a><\/h5><div class=\"podcast_desc\"><a href=\"https:\/\/cinebrunch.baladocanada.ca\/episode\/2020-02-07_cinebrunch_s6_2020-02-08\" target=\"_blank\"><img loading=\"lazy\" decoding=\"async\" src=\"https:\/\/cinebrunch.baladocanada.ca\/images\/2020-02-07_cinebrunch_s6_2020-02-08.jpg\" alt=\"\u00c9couter Cin\u00e9 Brunch - 08 f\u00e9vrier 2020\" height=\"200\" width=\"200\" class=\" podcast_image\"\/><\/a><p>Cette semaine Fran\u00e7ois nous parle du Kino Show et on critique trois films : La section rythmique, Le rire et Papicha.<\/p><\/div><div class=\"podcast_player\"><audio controls><source src=\"https:\/\/cinebrunch.baladocanada.ca\/media\/2020-02-07_cinebrunch_s6_2020-02-08.mp3\" type=\"audio\/mpeg\">Votre navigateur ne supporte pas la balise audio.<\/audio><\/div><\/div><div class=\"episode-box\"><h5 class=\"podcast_title\"><a href=\"https:\/\/cinebrunch.baladocanada.ca\/episode\/2020-02-07_cinebrunch_s6_2020-02-01\" target=\"_blank\">Cin\u00e9 Brunch - 01 f\u00e9vrier 2020<\/a><\/h5><div class=\"podcast_desc\"><a href=\"https:\/\/cinebrunch.baladocanada.ca\/episode\/2020-02-07_cinebrunch_s6_2020-02-01\" target=\"_blank\"><img loading=\"lazy\" decoding=\"async\" src=\"https:\/\/cinebrunch.baladocanada.ca\/images\/2020-02-07_cinebrunch_s6_2020-02-01.jpg\" alt=\"\u00c9couter Cin\u00e9 Brunch - 01 f\u00e9vrier 2020\" height=\"200\" width=\"200\" class=\" podcast_image\"\/><\/a><p>Cette semaine on joue au Quizz &quot;Devine le film&quot; parmi les meilleurs films de la derni\u00e8re d\u00e9cennie et on critique les films : The Gentlemen et Rebelles.<\/p><\/div><div class=\"podcast_player\"><audio controls><source src=\"https:\/\/cinebrunch.baladocanada.ca\/media\/2020-02-07_cinebrunch_s6_2020-02-01.mp3\" type=\"audio\/mpeg\">Votre navigateur ne supporte pas la balise audio.<\/audio><\/div><\/div><div class=\"episode-box\"><h5 class=\"podcast_title\"><a href=\"https:\/\/cinebrunch.baladocanada.ca\/episode\/2020-02-07_cinebrunch_s6_2020-01-25\" target=\"_blank\">Cin\u00e9 Brunch - 25 janvier 2020<\/a><\/h5><div class=\"podcast_desc\"><a href=\"https:\/\/cinebrunch.baladocanada.ca\/episode\/2020-02-07_cinebrunch_s6_2020-01-25\" target=\"_blank\"><img loading=\"lazy\" decoding=\"async\" src=\"https:\/\/cinebrunch.baladocanada.ca\/images\/2020-02-07_cinebrunch_s6_2020-01-25.png\" alt=\"\u00c9couter Cin\u00e9 Brunch - 25 janvier 2020\" height=\"200\" width=\"200\" class=\" podcast_image\"\/><\/a><p>Cette semaine on critique les films BadBoys for life, Les mis\u00e9rables et Dolittle.<\/p><\/div><div class=\"podcast_player\"><audio controls><source src=\"https:\/\/cinebrunch.baladocanada.ca\/media\/2020-02-07_cinebrunch_s6_2020-01-25.mp3\" type=\"audio\/mpeg\">Votre navigateur ne supporte pas la balise audio.<\/audio><\/div><\/div><div class=\"episode-box\"><h5 class=\"podcast_title\"><a href=\"https:\/\/cinebrunch.baladocanada.ca\/episode\/2020-01-17_cinebrunch_s6_2020-01-18\" target=\"_blank\">Cin\u00e9 Brunch - 18 janvier 2020<\/a><\/h5><div class=\"podcast_desc\"><a href=\"https:\/\/cinebrunch.baladocanada.ca\/episode\/2020-01-17_cinebrunch_s6_2020-01-18\" target=\"_blank\"><img loading=\"lazy\" decoding=\"async\" src=\"https:\/\/cinebrunch.baladocanada.ca\/images\/2020-01-17_cinebrunch_s6_2020-01-18.jpeg\" alt=\"\u00c9couter Cin\u00e9 Brunch - 18 janvier 2020\" height=\"200\" width=\"200\" class=\" podcast_image\"\/><\/a><p>Cette semaine, on parle des oscars et on critique les films : 1917, Merci pour tout et Mariage Story.<\/p><\/div><div class=\"podcast_player\"><audio controls><source src=\"https:\/\/cinebrunch.baladocanada.ca\/media\/2020-01-17_cinebrunch_s6_2020-01-18.mp3\" type=\"audio\/mpeg\">Votre navigateur ne supporte pas la balise audio.<\/audio><\/div><\/div><div class=\"episode-box\"><h5 class=\"podcast_title\"><a href=\"https:\/\/cinebrunch.baladocanada.ca\/episode\/2020-01-17_cinebrunch_s6_2020-01-11\" target=\"_blank\">Cin\u00e9 Brunch - 11 janvier 2020<\/a><\/h5><div class=\"podcast_desc\"><a href=\"https:\/\/cinebrunch.baladocanada.ca\/episode\/2020-01-17_cinebrunch_s6_2020-01-11\" target=\"_blank\"><img loading=\"lazy\" decoding=\"async\" src=\"https:\/\/cinebrunch.baladocanada.ca\/images\/2020-01-17_cinebrunch_s6_2020-01-11.png\" alt=\"\u00c9couter Cin\u00e9 Brunch - 11 janvier 2020\" height=\"200\" width=\"200\" class=\" podcast_image\"\/><\/a><p>Cette semaine, on vous pr\u00e9sente notre top 10 des meilleurs films de la d\u00e9cennie et on critique Star Wars : l&#039;ascencion de Skywalker!<\/p><\/div><div class=\"podcast_player\"><audio controls><source src=\"https:\/\/cinebrunch.baladocanada.ca\/media\/2020-01-17_cinebrunch_s6_2020-01-11.mp3\" type=\"audio\/mpeg\">Votre navigateur ne supporte pas la balise audio.<\/audio><\/div><\/div><div class=\"episode-box\"><h5 class=\"podcast_title\"><a href=\"https:\/\/cinebrunch.baladocanada.ca\/episode\/2020-01-05_cinebrunch_s6_2019-12-14\" target=\"_blank\">Cin\u00e9 Brunch - 14 d\u00e9cembre 2019<\/a><\/h5><div class=\"podcast_desc\"><a href=\"https:\/\/cinebrunch.baladocanada.ca\/episode\/2020-01-05_cinebrunch_s6_2019-12-14\" target=\"_blank\"><img loading=\"lazy\" decoding=\"async\" src=\"https:\/\/cinebrunch.baladocanada.ca\/images\/2020-01-05_cinebrunch_s6_2019-12-14.jpeg\" alt=\"\u00c9couter Cin\u00e9 Brunch - 14 d\u00e9cembre 2019\" height=\"200\" width=\"200\" class=\" podcast_image\"\/><\/a><p>Cette semaine M\u00e9lina nous parle de Scorsese et du film The Irishman et on critique le film Les plus belles ann\u00e9es d&#039;une vie.<\/p><\/div><div class=\"podcast_player\"><audio controls><source src=\"https:\/\/cinebrunch.baladocanada.ca\/media\/2020-01-05_cinebrunch_s6_2019-12-14.mp3\" type=\"audio\/mpeg\">Votre navigateur ne supporte pas la balise audio.<\/audio><\/div><\/div><div class=\"episode-box\"><h5 class=\"podcast_title\"><a href=\"https:\/\/cinebrunch.baladocanada.ca\/episode\/2019-11-30_cinebrunch_s6_2019-11-30\" target=\"_blank\">Cin\u00e9 Brunch - 30 novembre 2019<\/a><\/h5><div class=\"podcast_desc\"><a href=\"https:\/\/cinebrunch.baladocanada.ca\/episode\/2019-11-30_cinebrunch_s6_2019-11-30\" target=\"_blank\"><img loading=\"lazy\" decoding=\"async\" src=\"https:\/\/cinebrunch.baladocanada.ca\/images\/2019-11-30_cinebrunch_s6_2019-11-30.jpeg\" alt=\"\u00c9couter Cin\u00e9 Brunch - 30 novembre 2019\" height=\"200\" width=\"200\" class=\" podcast_image\"\/><\/a><p>Cette semaine on critique les films La reine des neiges 2, Alice et le maire et Charlie et ses dr\u00f4les de dames.<\/p><\/div><div class=\"podcast_player\"><audio controls><source src=\"https:\/\/cinebrunch.baladocanada.ca\/media\/2019-11-30_cinebrunch_s6_2019-11-30.mp3\" type=\"audio\/mpeg\">Votre navigateur ne supporte pas la balise audio.<\/audio><\/div><\/div><div class=\"episode-box\"><h5 class=\"podcast_title\"><a href=\"https:\/\/cinebrunch.baladocanada.ca\/episode\/2019-11-24_cinebrunch_s6_2019-11-23\" target=\"_blank\">Cin\u00e9 Brunch - 23 novembre 2019<\/a><\/h5><div class=\"podcast_desc\"><a href=\"https:\/\/cinebrunch.baladocanada.ca\/episode\/2019-11-24_cinebrunch_s6_2019-11-23\" target=\"_blank\"><img loading=\"lazy\" decoding=\"async\" src=\"https:\/\/cinebrunch.baladocanada.ca\/images\/2019-11-24_cinebrunch_s6_2019-11-23.jpg\" alt=\"\u00c9couter Cin\u00e9 Brunch - 23 novembre 2019\" height=\"200\" width=\"200\" class=\" podcast_image\"\/><\/a><p>Cette semaine, on parle du film qu\u00e9b\u00e9cois Antigone et on critique les films Le roi et No\u00ebl dernier.<\/p><\/div><div class=\"podcast_player\"><audio controls><source src=\"https:\/\/cinebrunch.baladocanada.ca\/media\/2019-11-24_cinebrunch_s6_2019-11-23.mp3\" type=\"audio\/mpeg\">Votre navigateur ne supporte pas la balise audio.<\/audio><\/div><\/div><div class=\"episode-box\"><h5 class=\"podcast_title\"><a href=\"https:\/\/cinebrunch.baladocanada.ca\/episode\/2019-11-15_cinebrunch_s6_2019-11-16\" target=\"_blank\">Cin\u00e9 Brunch - 16 novembre 2019<\/a><\/h5><div class=\"podcast_desc\"><a href=\"https:\/\/cinebrunch.baladocanada.ca\/episode\/2019-11-15_cinebrunch_s6_2019-11-16\" target=\"_blank\"><img loading=\"lazy\" decoding=\"async\" src=\"https:\/\/cinebrunch.baladocanada.ca\/images\/2019-11-15_cinebrunch_s6_2019-11-16.jpg\" alt=\"\u00c9couter Cin\u00e9 Brunch - 16 novembre 2019\" height=\"200\" width=\"200\" class=\" podcast_image\"\/><\/a><p>Cette semaine, Jean-S\u00e9bastien Dutil et Jean-Fran\u00e7ois Vachon nous parlent de leur s\u00e9rie documentaire Mon Centro et on critique les films Jouliks et Parasite.<\/p><\/div><div class=\"podcast_player\"><audio controls><source src=\"https:\/\/cinebrunch.baladocanada.ca\/media\/2019-11-15_cinebrunch_s6_2019-11-16.mp3\" type=\"audio\/mpeg\">Votre navigateur ne supporte pas la balise audio.<\/audio><\/div><\/div><div class=\"episode-box\"><h5 class=\"podcast_title\"><a href=\"https:\/\/cinebrunch.baladocanada.ca\/episode\/2019-11-08_cinebrunch_s6_2019-11-09\" target=\"_blank\">Cin\u00e9 Brunch - 09 novembre 2019<\/a><\/h5><div class=\"podcast_desc\"><a href=\"https:\/\/cinebrunch.baladocanada.ca\/episode\/2019-11-08_cinebrunch_s6_2019-11-09\" target=\"_blank\"><img loading=\"lazy\" decoding=\"async\" src=\"https:\/\/cinebrunch.baladocanada.ca\/images\/2019-11-08_cinebrunch_s6_2019-11-09.jpg\" alt=\"\u00c9couter Cin\u00e9 Brunch - 09 novembre 2019\" height=\"200\" width=\"200\" class=\" podcast_image\"\/><\/a><p>Cette semaine on critique les films Terminator : Sombre destin, Douleur et gloire et Le Daim.<\/p><\/div><div class=\"podcast_player\"><audio controls><source src=\"https:\/\/cinebrunch.baladocanada.ca\/media\/2019-11-08_cinebrunch_s6_2019-11-09.mp3\" type=\"audio\/mpeg\">Votre navigateur ne supporte pas la balise audio.<\/audio><\/div><\/div><div class=\"episode-box\"><h5 class=\"podcast_title\"><a href=\"https:\/\/cinebrunch.baladocanada.ca\/episode\/2019-11-01_cinebrunch_s6_2019-11-02\" target=\"_blank\">Cin\u00e9 Brunch - 02 novembre 2019<\/a><\/h5><div class=\"podcast_desc\"><a href=\"https:\/\/cinebrunch.baladocanada.ca\/episode\/2019-11-01_cinebrunch_s6_2019-11-02\" target=\"_blank\"><img loading=\"lazy\" decoding=\"async\" src=\"https:\/\/cinebrunch.baladocanada.ca\/images\/2019-11-01_cinebrunch_s6_2019-11-02.jpg\" alt=\"\u00c9couter Cin\u00e9 Brunch - 02 novembre 2019\" height=\"200\" width=\"200\" class=\" podcast_image\"\/><\/a><p>Cette semaine notre collaboratrice sociologue, Gabrielle Desgagn\u00e9 nous parle du film Kuessipan et on critique le film Les fleurs Oubli\u00e9es.<\/p><\/div><div class=\"podcast_player\"><audio controls><source src=\"https:\/\/cinebrunch.baladocanada.ca\/media\/2019-11-01_cinebrunch_s6_2019-11-02.mp3\" type=\"audio\/mpeg\">Votre navigateur ne supporte pas la balise audio.<\/audio><\/div><\/div><div class=\"episode-box\"><h5 class=\"podcast_title\"><a href=\"https:\/\/cinebrunch.baladocanada.ca\/episode\/2019-10-25_cinebrunch_s6_2019-10-26\" target=\"_blank\">Cin\u00e9 Brunch - 26 octobre 2019<\/a><\/h5><div class=\"podcast_desc\"><a href=\"https:\/\/cinebrunch.baladocanada.ca\/episode\/2019-10-25_cinebrunch_s6_2019-10-26\" target=\"_blank\"><img loading=\"lazy\" decoding=\"async\" src=\"https:\/\/cinebrunch.baladocanada.ca\/images\/2019-10-25_cinebrunch_s6_2019-10-26.png\" alt=\"\u00c9couter Cin\u00e9 Brunch - 26 octobre 2019\" height=\"200\" width=\"200\" class=\" podcast_image\"\/><\/a><p>Cette semaine on parle de la plateforme Disney+ et des films qu&#039;on aimerait amener sur une \u00eele d\u00e9serte! Et on critique les films Retour \u00e0 Zombieland ainsi que The Laundromat : L&#039;Affaire des Panama Papers.<\/p><\/div><div class=\"podcast_player\"><audio controls><source src=\"https:\/\/cinebrunch.baladocanada.ca\/media\/2019-10-25_cinebrunch_s6_2019-10-26.mp3\" type=\"audio\/mpeg\">Votre navigateur ne supporte pas la balise audio.<\/audio><\/div><\/div><div class=\"episode-box\"><h5 class=\"podcast_title\"><a href=\"https:\/\/cinebrunch.baladocanada.ca\/episode\/2019-10-25_cinebrunch_s6_2019-10-19\" target=\"_blank\">Cin\u00e9 Brunch - 19 octobre 2019<\/a><\/h5><div class=\"podcast_desc\"><a href=\"https:\/\/cinebrunch.baladocanada.ca\/episode\/2019-10-25_cinebrunch_s6_2019-10-19\" target=\"_blank\"><img loading=\"lazy\" decoding=\"async\" src=\"https:\/\/cinebrunch.baladocanada.ca\/images\/2019-10-25_cinebrunch_s6_2019-10-19.jpg\" alt=\"\u00c9couter Cin\u00e9 Brunch - 19 octobre 2019\" height=\"200\" width=\"200\" class=\" podcast_image\"\/><\/a><p>Cette semaine on vous parle des adaptations en s\u00e9ries et en films et on critique les films Mathias et Maxime et l&#039;Homme G\u00e9meau.<\/p><\/div><div class=\"podcast_player\"><audio controls><source src=\"https:\/\/cinebrunch.baladocanada.ca\/media\/2019-10-25_cinebrunch_s6_2019-10-19.mp3\" type=\"audio\/mpeg\">Votre navigateur ne supporte pas la balise audio.<\/audio><\/div><\/div><div class=\"episode-box\"><h5 class=\"podcast_title\"><a href=\"https:\/\/cinebrunch.baladocanada.ca\/episode\/2019-10-12_cinebrunch_s6_2019-10-12\" target=\"_blank\">Cin\u00e9 Brunch - 12 octobre 2019<\/a><\/h5><div class=\"podcast_desc\"><a href=\"https:\/\/cinebrunch.baladocanada.ca\/episode\/2019-10-12_cinebrunch_s6_2019-10-12\" target=\"_blank\"><img loading=\"lazy\" decoding=\"async\" src=\"https:\/\/cinebrunch.baladocanada.ca\/images\/2019-10-12_cinebrunch_s6_2019-10-12.jpg\" alt=\"\u00c9couter Cin\u00e9 Brunch - 12 octobre 2019\" height=\"200\" width=\"200\" class=\" podcast_image\"\/><\/a><p>Pour ce 100e \u00e9pisode de Cin\u00e9 Brunch, on vous pr\u00e9sente notre top5 des meilleurs films critiqu\u00e9s \u00e0 l&#039;\u00e9mission depuis ses d\u00e9buts et on parle du nouveau film Joker.<\/p><\/div><div class=\"podcast_player\"><audio controls><source src=\"https:\/\/cinebrunch.baladocanada.ca\/media\/2019-10-12_cinebrunch_s6_2019-10-12.mp3\" type=\"audio\/mpeg\">Votre navigateur ne supporte pas la balise audio.<\/audio><\/div><\/div><div class=\"episode-box\"><h5 class=\"podcast_title\"><a href=\"https:\/\/cinebrunch.baladocanada.ca\/episode\/2019-10-04_cinebrunch_s6_2019-10-05\" target=\"_blank\">Cin\u00e9 Brunch - 05 octobre 2019<\/a><\/h5><div class=\"podcast_desc\"><a href=\"https:\/\/cinebrunch.baladocanada.ca\/episode\/2019-10-04_cinebrunch_s6_2019-10-05\" target=\"_blank\"><img loading=\"lazy\" decoding=\"async\" src=\"https:\/\/cinebrunch.baladocanada.ca\/images\/2019-10-04_cinebrunch_s6_2019-10-05.jpg\" alt=\"\u00c9couter Cin\u00e9 Brunch - 05 octobre 2019\" height=\"200\" width=\"200\" class=\" podcast_image\"\/><\/a><p>Cette semaine on parle du film Vivre \u00e0 100 milles \u00e0 l&#039;heure et on critique pour vous le film Judy et Celle que vous croyez.<\/p><\/div><div class=\"podcast_player\"><audio controls><source src=\"https:\/\/cinebrunch.baladocanada.ca\/media\/2019-10-04_cinebrunch_s6_2019-10-05.mp3\" type=\"audio\/mpeg\">Votre navigateur ne supporte pas la balise audio.<\/audio><\/div><\/div><div class=\"episode-box\"><h5 class=\"podcast_title\"><a href=\"https:\/\/cinebrunch.baladocanada.ca\/episode\/2019-09-27_cinebrunch_s6_2019-09-28\" target=\"_blank\">Cin\u00e9 Brunch - 28 septembre 2019<\/a><\/h5><div class=\"podcast_desc\"><a href=\"https:\/\/cinebrunch.baladocanada.ca\/episode\/2019-09-27_cinebrunch_s6_2019-09-28\" target=\"_blank\"><img loading=\"lazy\" decoding=\"async\" src=\"https:\/\/cinebrunch.baladocanada.ca\/images\/2019-09-27_cinebrunch_s6_2019-09-28.jpg\" alt=\"\u00c9couter Cin\u00e9 Brunch - 28 septembre 2019\" height=\"200\" width=\"200\" class=\" podcast_image\"\/><\/a><p>Cette semaine, on parle du film Vers les \u00e9toiles et on critique les films Fourmi et Rambo : la derni\u00e8re mission.<\/p><\/div><div class=\"podcast_player\"><audio controls><source src=\"https:\/\/cinebrunch.baladocanada.ca\/media\/2019-09-27_cinebrunch_s6_2019-09-28.mp3\" type=\"audio\/mpeg\">Votre navigateur ne supporte pas la balise audio.<\/audio><\/div><\/div><div class=\"episode-box\"><h5 class=\"podcast_title\"><a href=\"https:\/\/cinebrunch.baladocanada.ca\/episode\/2019-09-21_cinebrunch_s6_2019-09-21\" target=\"_blank\">Cin\u00e9 Brunch - 21 septembre 2019<\/a><\/h5><div class=\"podcast_desc\"><a href=\"https:\/\/cinebrunch.baladocanada.ca\/episode\/2019-09-21_cinebrunch_s6_2019-09-21\" target=\"_blank\"><img loading=\"lazy\" decoding=\"async\" src=\"https:\/\/cinebrunch.baladocanada.ca\/images\/2019-09-21_cinebrunch_s6_2019-09-21.jpg\" alt=\"\u00c9couter Cin\u00e9 Brunch - 21 septembre 2019\" height=\"200\" width=\"200\" class=\" podcast_image\"\/><\/a><p>Cette semaine, on parle du film qu\u00e9b\u00e9cois: Il pleuvait des oiseaux et on critique pour vous les films Arnaque en talons et La grande classe.<\/p><\/div><div class=\"podcast_player\"><audio controls><source src=\"https:\/\/cinebrunch.baladocanada.ca\/media\/2019-09-21_cinebrunch_s6_2019-09-21.mp3\" type=\"audio\/mpeg\">Votre navigateur ne supporte pas la balise audio.<\/audio><\/div><\/div><div class=\"episode-box\"><h5 class=\"podcast_title\"><a href=\"https:\/\/cinebrunch.baladocanada.ca\/episode\/2019-09-12_cinebrunch_s6_2019-09-14\" target=\"_blank\">Cin\u00e9 Brunch - 14 septembre 2019<\/a><\/h5><div class=\"podcast_desc\"><a href=\"https:\/\/cinebrunch.baladocanada.ca\/episode\/2019-09-12_cinebrunch_s6_2019-09-14\" target=\"_blank\"><img loading=\"lazy\" decoding=\"async\" src=\"https:\/\/cinebrunch.baladocanada.ca\/images\/2019-09-12_cinebrunch_s6_2019-09-14.jpg\" alt=\"\u00c9couter Cin\u00e9 Brunch - 14 septembre 2019\" height=\"200\" width=\"200\" class=\" podcast_image\"\/><\/a><p>Cette semaine : on discute des &quot;prequels&quot;, ces suites qui se passent avant le film original; Fran\u00e7ois Berthiaume nous rend visite et on critique pour vous les film \u00c7a 2 et Le faucon au beurre d&#039;arachide.<\/p><\/div><div class=\"podcast_player\"><audio controls><source src=\"https:\/\/cinebrunch.baladocanada.ca\/media\/2019-09-12_cinebrunch_s6_2019-09-14.mp3\" type=\"audio\/mpeg\">Votre navigateur ne supporte pas la balise audio.<\/audio><\/div><\/div><div class=\"episode-box\"><h5 class=\"podcast_title\"><a href=\"https:\/\/cinebrunch.baladocanada.ca\/episode\/2019-09-07_cinebrunch_s6_2019-09-07\" target=\"_blank\">Cin\u00e9 Brunch - 07 septembre 2019<\/a><\/h5><div class=\"podcast_desc\"><a href=\"https:\/\/cinebrunch.baladocanada.ca\/episode\/2019-09-07_cinebrunch_s6_2019-09-07\" target=\"_blank\"><img loading=\"lazy\" decoding=\"async\" src=\"https:\/\/cinebrunch.baladocanada.ca\/images\/2019-09-07_cinebrunch_s6_2019-09-07.jpg\" alt=\"\u00c9couter Cin\u00e9 Brunch - 07 septembre 2019\" height=\"200\" width=\"200\" class=\" podcast_image\"\/><\/a><p>C&#039;Est le retour de l&#039;\u00e9quipe r\u00e9guli\u00e8re, on vous parle de ce qu&#039;on a vu pendant l&#039;\u00e9t\u00e9 et on critique les films : Museo, Dora et la cit\u00e9 perdue et Ibiza.<\/p><\/div><div class=\"podcast_player\"><audio controls><source src=\"https:\/\/cinebrunch.baladocanada.ca\/media\/2019-09-07_cinebrunch_s6_2019-09-07.mp3\" type=\"audio\/mpeg\">Votre navigateur ne supporte pas la balise audio.<\/audio><\/div><\/div><hr>\r\n    <p class=\"logo-footer\"><small>Podcast propuls\u00e9 par<\/span><br \/><a href=\"http:\/\/baladocanada.ca\"><img decoding=\"async\" width=\"150px\" src=\"http:\/\/baladocanada.ca\/images\/logowidexsmall.png\"><\/a><\/small><\/p><\/div>\n","protected":false},"excerpt":{"rendered":"","protected":false},"author":1,"featured_media":0,"parent":0,"menu_order":0,"comment_status":"closed","ping_status":"closed","template":"","meta":{"footnotes":""},"_links":{"self":[{"href":"https:\/\/cinebrunch.com\/podcast\/wp-json\/wp\/v2\/pages\/248"}],"collection":[{"href":"https:\/\/cinebrunch.com\/podcast\/wp-json\/wp\/v2\/pages"}],"about":[{"href":"https:\/\/cinebrunch.com\/podcast\/wp-json\/wp\/v2\/types\/page"}],"author":[{"embeddable":true,"href":"https:\/\/cinebrunch.com\/podcast\/wp-json\/wp\/v2\/users\/1"}],"replies":[{"embeddable":true,"href":"https:\/\/cinebrunch.com\/podcast\/wp-json\/wp\/v2\/comments?post=248"}],"version-history":[{"count":37,"href":"https:\/\/cinebrunch.com\/podcast\/wp-json\/wp\/v2\/pages\/248\/revisions"}],"predecessor-version":[{"id":2186,"href":"https:\/\/cinebrunch.com\/podcast\/wp-json\/wp\/v2\/pages\/248\/revisions\/2186"}],"wp:attachment":[{"href":"https:\/\/cinebrunch.com\/podcast\/wp-json\/wp\/v2\/media?parent=248"}],"curies":[{"name":"wp","href":"https:\/\/api.w.org\/{rel}","templated":true}]}}