{"id":145,"date":"2017-11-17T20:03:13","date_gmt":"2017-11-18T01:03:13","guid":{"rendered":"http:\/\/cinebrunch.com\/podcast\/?page_id=145"},"modified":"2019-05-10T15:35:11","modified_gmt":"2019-05-10T19:35:11","slug":"animateurs","status":"publish","type":"page","link":"https:\/\/cinebrunch.com\/podcast\/animateurs\/","title":{"rendered":"Animateurs"},"content":{"rendered":"\n<h2 class=\"wp-block-heading\">Andr\u00e9-Jean<\/h2>\n\n\n\n<p class=\"has-regular-font-size\">Andr\u00e9-Jean fait ses premi\u00e8res armes comme cin\u00e9phile au secondaire alors qu\u2019il s\u2019enr\u00f4le dans un \u00ab\u00a0Cin\u00e9-Club\u00a0\u00bb. Son plaisir de visionner croit avec l\u2019usage et il d\u00e9veloppe alors un go\u00fbt pour l\u2019analyse de film. \u00ab\u00a0Le temps et l\u2019\u00e9nergie investis dans la r\u00e9alisation d\u2019un film justifient amplement les revisionnements\u00a0\u00bb\u00a0: disait le commandant du \u00ab\u00a0Cin\u00e9-Club\u00a0\u00bb. Ainsi, pour Andr\u00e9-Jean, aucun style, aucun genre et type de films ne m\u00e9ritent d\u2019\u00eatre boud\u00e9, ce qui ne veut pas dire, pour autant, que tous sont des chefs-d\u2019\u0153uvre. Il ne faudrait pas croire non plus qu\u2019Andr\u00e9-Jean n\u2019ait pas de pr\u00e9f\u00e9rences personnelles sur le sujet.<br><br>Andr\u00e9-Jean s\u2019absente des salles de cin\u00e9ma du d\u00e9but des ann\u00e9es 2000 jusqu\u2019\u00e0 ce qu&rsquo;il coanime l\u2019\u00e9mission Cin\u00e9-Brunch en 2018. Il constate que la fa\u00e7on de faire des films a bien chang\u00e9 depuis les ann\u00e9es 90 et se gardera d\u2019\u00eatre trop vindicatif dans ces critiques. Andr\u00e9-Jean \u00e0 clairement une pr\u00e9f\u00e9rence pour les styles d\u2019horreur, de science-fiction et les drames, mais sera toujours ouvert \u00e0 tenter d\u2019analyser n\u2019importe quel type ou genre de film\u2026<\/p>\n\n\n\n<h2 class=\"wp-block-heading\" style=\"text-align:right\">M\u00e9lina<\/h2>\n\n\n\n<p style=\"text-align:right\">M\u00e9lina baigne dans le milieu artistique depuis son tout jeune \u00e2ge. Ayant touch\u00e9 \u00e0 de nombreuses formes d&rsquo;art et d&rsquo;expression, elle a d\u00e9velopp\u00e9 une tr\u00e8s grande sensibilit\u00e9. Il n&rsquo;est pas rare de la voir verser une larme d&rsquo;\u00e9motion lorsque l&rsquo;intensit\u00e9 d&rsquo;une oeuvre est au rendez-vous. Son parcours en musique l\u2019am\u00e8ne \u00e0 toujours porter une attention particuli\u00e8re \u00e0 la musique et \u00e0 l&rsquo;ambiance sonore d&rsquo;une production. Elle s&rsquo;int\u00e9resse beaucoup \u00e0 la psychologie et consid\u00e8re que la coh\u00e9rence psychologique des personnages est un \u00e9l\u00e9ment cl\u00e9 d&rsquo;un bon film.<\/p>\n\n\n\n<p style=\"text-align:right\">M\u00e9lina fait la diff\u00e9rence entre les diff\u00e9rentes motivations derri\u00e8re chaque film, et adapte ses critiques en cons\u00e9quence. Elle rejette la critique pr\u00e9tentieuse qui affirme que certains genre de films valent plus que d&rsquo;autres. Pour elle,&nbsp;toutes les raisons sont bonnes pour aller au cin\u00e9ma!<\/p>\n\n\n\n<p style=\"text-align:right\">Deux oeuvres pour r\u00e9pr\u00e9senter M\u00e9lina: <em>Grey&rsquo;s Anatomy<\/em> et <em>Harry Potter<\/em>. Pour l&rsquo;immersion et l&rsquo;humour dans Harry Potter; pour le r\u00e9alisme, l&rsquo;innovation et la coh\u00e9rence psychologique des personnages dans Grey&rsquo;s Anatomy. M\u00e9lina est passionn\u00e9e de s\u00e9ries t\u00e9l\u00e9vis\u00e9es,<br>qu&rsquo;elle n&rsquo;h\u00e9site pas \u00e0 revoir (trop) souvent!<\/p>\n\n\n\n<h2 class=\"wp-block-heading\">Jim<\/h2>\n\n\n\n<p>Vieille \u00e2me ou n\u00e9 \u00e0 la mauvaise \u00e9poque, Jim a grandi avec des films et s\u00e9ries t\u00e9l\u00e9vis\u00e9es des ann\u00e9es 60. Apr\u00e8s une dizaine d&rsquo;ann\u00e9es dans le domaine des m\u00e9dias, il retourne sur les bancs d&rsquo;\u00e9cole pour apprendre la science derri\u00e8re le cin\u00e9ma et en faire un m\u00e9tier. Il s&rsquo;int\u00e9resse principalement \u00e0 la r\u00e9alisation et \u00e0 la sc\u00e9narisation. L&rsquo;esprit vif, il aime faire des blagues et des jeux de mots qui peuvent g\u00eaner ses coll\u00e8gues.<\/p>\n\n\n\n<p>Sa critique n&rsquo;est g\u00e9n\u00e9ralement pas trop agressive mais il d\u00e9teste les clich\u00e9s ou les raccourcis sc\u00e9naristique ou les films \u00e9litistes trop inaccessibles. Il a une pr\u00e9f\u00e9rence pour la com\u00e9die fran\u00e7aise, les films de guerre et la science-fiction. Contrairement \u00e0 Louis, Jim ne peut r\u00e9sister \u00e0 revoir un classique des ann\u00e9es 50 ou 60 car il trouve dans les vieux films une puret\u00e9 disparue. Son film favoris est <em>Cloud Atlas<\/em> mais il aime en secret <em>La moiti\u00e9 gauche du frigo<\/em> de Philippe Falardeau.<\/p>\n","protected":false},"excerpt":{"rendered":"<p>Andr\u00e9-Jean Andr\u00e9-Jean fait ses premi\u00e8res armes comme cin\u00e9phile au secondaire alors qu\u2019il s\u2019enr\u00f4le dans un \u00ab\u00a0Cin\u00e9-Club\u00a0\u00bb. Son plaisir de visionner croit avec l\u2019usage et il d\u00e9veloppe alors un go\u00fbt pour l\u2019analyse de film. \u00ab\u00a0Le temps et l\u2019\u00e9nergie investis dans la r\u00e9alisation d\u2019un film justifient amplement les revisionnements\u00a0\u00bb\u00a0: disait le commandant&#8230;<\/p>\n<div class=\"more-link-wrapper\"><a class=\"more-link\" href=\"https:\/\/cinebrunch.com\/podcast\/animateurs\/\">Read the post<span class=\"screen-reader-text\">Animateurs<\/span><\/a><\/div>\n","protected":false},"author":1,"featured_media":0,"parent":0,"menu_order":0,"comment_status":"closed","ping_status":"closed","template":"","meta":{"footnotes":""},"_links":{"self":[{"href":"https:\/\/cinebrunch.com\/podcast\/wp-json\/wp\/v2\/pages\/145"}],"collection":[{"href":"https:\/\/cinebrunch.com\/podcast\/wp-json\/wp\/v2\/pages"}],"about":[{"href":"https:\/\/cinebrunch.com\/podcast\/wp-json\/wp\/v2\/types\/page"}],"author":[{"embeddable":true,"href":"https:\/\/cinebrunch.com\/podcast\/wp-json\/wp\/v2\/users\/1"}],"replies":[{"embeddable":true,"href":"https:\/\/cinebrunch.com\/podcast\/wp-json\/wp\/v2\/comments?post=145"}],"version-history":[{"count":15,"href":"https:\/\/cinebrunch.com\/podcast\/wp-json\/wp\/v2\/pages\/145\/revisions"}],"predecessor-version":[{"id":1976,"href":"https:\/\/cinebrunch.com\/podcast\/wp-json\/wp\/v2\/pages\/145\/revisions\/1976"}],"wp:attachment":[{"href":"https:\/\/cinebrunch.com\/podcast\/wp-json\/wp\/v2\/media?parent=145"}],"curies":[{"name":"wp","href":"https:\/\/api.w.org\/{rel}","templated":true}]}}